{"id":397,"date":"2020-09-22T18:14:07","date_gmt":"2020-09-22T21:14:07","guid":{"rendered":"http:\/\/conceste.ce.gov.br\/?page_id=397"},"modified":"2025-06-25T12:51:58","modified_gmt":"2025-06-25T15:51:58","slug":"programa-educacao-ambiental","status":"publish","type":"page","link":"https:\/\/conceste.ce.gov.br\/site\/?page_id=397","title":{"rendered":"Programa Educa\u00e7\u00e3o Ambiental"},"content":{"rendered":"\n<div class=\"wp-block-group is-layout-flow wp-block-group-is-layout-flow\"><div class=\"wp-block-group__inner-container\">\n<p style=\"text-align: justify;\">O Programa de Educa\u00e7\u00e3o Ambiental do Cons\u00f3rcio P\u00fablico de Manejo de Res\u00edduos S\u00f3lidos da Regi\u00e3o Cariri Oeste visa construir com a popula\u00e7\u00e3o dos munic\u00edpios consorciados uma consci\u00eancia ecol\u00f3gica voltada para a participa\u00e7\u00e3o social dos mun\u00edcipes na implanta\u00e7\u00e3o do sistema de coletas m\u00faltiplas. O programa capacita inicialmente agentes multiplicadores tais como: gestores municipais e equipe t\u00e9cnica das Secretarias de Meio Ambiente, Sa\u00fade, Educa\u00e7\u00e3o, Infraestrutura, A\u00e7\u00e3o Social dos munic\u00edpios e outros p\u00fablicos integrados como garis, auxiliares de servi\u00e7os gerais e catadores de materiais recicl\u00e1veis.<\/p>\n<p>ACESSE: <a href=\"https:\/\/conceste.ce.gov.br\/site\/?mdocs-posts=plano-de-educacao-ambiental\">PLANO DE EDUCA\u00c7\u00c3O AMBIENTAL<\/a><\/p>\n<\/div><\/div>\n\n\n<div class=\"mdocs\"><div class=\"mdocs-wrap\"><\/div><div class=\"mdocs-container\"><table class=\"table table-hover table-condensed\" id=\"mdocs-list-table\">\t<thead>\n\t\t<tr>\n\t\t\t\t\t\t\t<th class=\"mdocs-name mdocs-sort-option\" data-folder=\"mdocs-cat-9\" data-sort=\"name\" data-sort-type=\"asc\" data-current-sort=\"modified\" data-current-sort-type=\"asc\" data-is-dashboard=\"\" data-hide-folder=\"1\" data-hide-main-folder=\"1\" >Nome<\/th>\n\t\t\t\t\t\t\t\t\t<th class=\"mdocs-downloads mdocs-sort-option\" data-folder=\"mdocs-cat-9\" data-sort=\"downloads\" data-sort-type=\"asc\" data-current-sort=\"modified\" data-current-sort-type=\"asc\" data-is-dashboard=\"\" data-hide-folder=\"1\" data-hide-main-folder=\"1\" >Downloads<\/th>\n\t\t\t\t\t\t\t\t\t<th class=\"mdocs-modified mdocs-sort-option\" data-folder=\"mdocs-cat-9\" data-sort=\"modified\" data-sort-type=\"asc\" data-current-sort=\"modified\" data-current-sort-type=\"asc\" data-is-dashboard=\"\" data-hide-folder=\"1\" data-hide-main-folder=\"1\" >\u00daltima Modifica\u00e7\u00e3o <i class=\"fa fa-chevron-up\" aria-hidden=\"true\"><\/i><\/th>\n\t\t\t\t\t\t\t\t\t<th class=\"mdocs-download mdocs-sort-option\" data-folder=\"mdocs-cat-9\" data-sort=\"download\" data-sort-type=\"asc\" data-current-sort=\"modified\" data-current-sort-type=\"asc\" data-is-dashboard=\"\" data-hide-folder=\"1\" data-hide-main-folder=\"1\" >Download<\/th>\n\t\t\t\t\t<\/tr>\n\t\t<\/thead>\n\t\t\t<tr class=\"mdocs-normal\">\n\t\t\t\t\t\t\t\t\t<td id=\"\" class=\"mdocs-name\" colspan=\"0\">\n\t\t\t\t\t\t\t\t<div class=\"mdocs-btn-group btn-group\">\n\t\t\t\t\t\t\t\t\t\t\t\t\t\t\t\t\t\t<a class=\"mdocs-title-href\" data-mdocs-id=\"46\" data-toggle=\"\" href=\"#\" data-folder=\"mdocs-cat-9\" data-sort=\"modified\" data-sort-type=\"asc\" data-current-sort=\"modified\" data-current-sort-type=\"asc\" data-is-dashboard=\"\" data-hide-folder=\"1\" data-hide-main-folder=\"1\"><img src=\"https:\/\/conceste.ce.gov.br\/site\/wp-content\/plugins\/memphis-documents-library\/assets\/imgs\/filetype-icons\/jpg.png\" class=\"mdoc-file-type-icon\"  \/> Assar\u00e9<\/a>\n\t\t\t\t\t\t\t\t\t\n\t\t\t\t\t\t\t\t\t<ul class=\"mdocs-dropdown-menu\" role=\"menu\" aria-labelledby=\"dropdownMenu1\">\n\t\t\t\t\t\t\t\t\t\t<li role=\"presentation\" class=\"dropdown-header\"><i class=\"fa fa-medium\" aria-hidden=\"true\"><\/i> &#187; Assar\u00e9.jpg<\/li>\n\t\t\t\t\t\t\t\t\t\t<li role=\"presentation\" class=\"divider\"><\/li>\n\t\t\t\t\t\t\t\t\t\t<li role=\"presentation\" class=\"dropdown-header\">Op\u00e7\u00f5es Arquivo<\/li>\n\t\t\t\t\t\t\t\t\t\t\t\t<li role=\"presentation\">\n\t\t\t<a role=\"menuitem\" tabindex=\"-1\" href=\"https:\/\/conceste.ce.gov.br\/site\/?mdocs-file=455\"><i class=\"fas fa-cloud-download-alt\" aria-hidden=\"true\"><\/i> Download<\/a>\n\t\t<\/li>\n\t\t\t<li role=\"presentation\"><a class=\"description-preview\" role=\"menuitem\" tabindex=\"-1\" href=\"#\" data-toggle=\"mdocs-modal\" data-target=\"#mdocs-description-preview\" data-mdocs-id=\"455\" data-is-admin=\"\" ><i class=\"fa fa-leaf\" aria-hidden=\"true\"><\/i> Descri\u00e7\u00e3o<\/a><\/li>\n\t\t\t<li role=\"presentation\">\n\t\t\t<a role=\"menuitem\" tabindex=\"-1\" href=\"https:\/\/conceste.ce.gov.br\/site\/?mdocs-posts=assare-3&mdocs-cat=\" target=\"_blank\">\n\t\t\t<i class=\"fas fa-arrow-circle-right\" aria-hidden=\"true\" ><\/i> Ir Postagem<\/a>\n\t\t<\/li>\n\t\t\t<li role=\"presentation\"><a class=\"sharing-button\" role=\"menuitem\" tabindex=\"-1\" href=\"#\" data-toggle=\"mdocs-modal\" data-doc-id=\"455\" data-target=\"#mdocs-share\" data-permalink=\"https:\/\/conceste.ce.gov.br\/site\/?mdocs-posts=assare-3&mdocs-cat=\" data-download=\"https:\/\/conceste.ce.gov.br\/site\/?mdocs-file=455\" ><i class=\"fa fa-share\" aria-hidden=\"true\"><\/i> Compartilhar<\/a><\/li>\n\t\t\t\t\t\t\t\t\t\t  <\/ul>\n\t\t\t\t\t\t\t\t<\/div>\n\t\t\t\t\t\t<\/td>\n\t\t\t\t\t\t\t\t\t\t\t\t<td class=\"mdocs-downloads\">\n\t\t\t\t\t\t\t<i class=\"fas fa-cloud-download-alt\" aria-hidden=\"true\" title=\"Downloads\"><\/i>\n\t\t\t\t\t\t\t<em style=\"color: #FF9140;\" >59 <small>downloads<\/small><\/em>\n\t\t\t\t\t\t<\/td>\t\t\t\t\t\t<td class=\"mdocs-modified\">\n\t\t\t\t\t\t\t<i class=\"fa fa-calendar\" aria-hidden=\"true\" title=\"\u00daltima Modifica\u00e7\u00e3o\"><\/i>\n\t\t\t\t\t\t\t<em style=\"color: #990000;\" >29-09-2020 21:29<\/em>\n\t\t\t\t\t\t<\/td>\t\t\t\t\t\t<td class=\"mdocs-download\">\n\t\t\t\t\t\t\t<i class=\"fa fa-download\" aria-hidden=\"true\" title=\"Download\"><\/i>\n\t\t\t\t\t\t\t<em style=\"color: ;\" ><a href=\"https:\/\/conceste.ce.gov.br\/site\/?mdocs-file=455\">Download<\/a><\/em>\n\t\t\t\t\t\t<\/td>\t\t<\/tr>\n\t\t<tr class=\"mdocs-normal\">\n\t\t\t\t\t\t\t\t\t<td id=\"\" class=\"mdocs-name\" colspan=\"0\">\n\t\t\t\t\t\t\t\t<div class=\"mdocs-btn-group btn-group\">\n\t\t\t\t\t\t\t\t\t\t\t\t\t\t\t\t\t\t<a class=\"mdocs-title-href\" data-mdocs-id=\"47\" data-toggle=\"\" href=\"#\" data-folder=\"mdocs-cat-9\" data-sort=\"modified\" data-sort-type=\"asc\" data-current-sort=\"modified\" data-current-sort-type=\"asc\" data-is-dashboard=\"\" data-hide-folder=\"1\" data-hide-main-folder=\"1\"><img src=\"https:\/\/conceste.ce.gov.br\/site\/wp-content\/plugins\/memphis-documents-library\/assets\/imgs\/filetype-icons\/jpg.png\" class=\"mdoc-file-type-icon\"  \/> Potengi<\/a>\n\t\t\t\t\t\t\t\t\t\n\t\t\t\t\t\t\t\t\t<ul class=\"mdocs-dropdown-menu\" role=\"menu\" aria-labelledby=\"dropdownMenu1\">\n\t\t\t\t\t\t\t\t\t\t<li role=\"presentation\" class=\"dropdown-header\"><i class=\"fa fa-medium\" aria-hidden=\"true\"><\/i> &#187; Potengi.jpg<\/li>\n\t\t\t\t\t\t\t\t\t\t<li role=\"presentation\" class=\"divider\"><\/li>\n\t\t\t\t\t\t\t\t\t\t<li role=\"presentation\" class=\"dropdown-header\">Op\u00e7\u00f5es Arquivo<\/li>\n\t\t\t\t\t\t\t\t\t\t\t\t<li role=\"presentation\">\n\t\t\t<a role=\"menuitem\" tabindex=\"-1\" href=\"https:\/\/conceste.ce.gov.br\/site\/?mdocs-file=457\"><i class=\"fas fa-cloud-download-alt\" aria-hidden=\"true\"><\/i> Download<\/a>\n\t\t<\/li>\n\t\t\t<li role=\"presentation\"><a class=\"description-preview\" role=\"menuitem\" tabindex=\"-1\" href=\"#\" data-toggle=\"mdocs-modal\" data-target=\"#mdocs-description-preview\" data-mdocs-id=\"457\" data-is-admin=\"\" ><i class=\"fa fa-leaf\" aria-hidden=\"true\"><\/i> Descri\u00e7\u00e3o<\/a><\/li>\n\t\t\t<li role=\"presentation\">\n\t\t\t<a role=\"menuitem\" tabindex=\"-1\" href=\"https:\/\/conceste.ce.gov.br\/site\/?mdocs-posts=potengi-4&mdocs-cat=\" target=\"_blank\">\n\t\t\t<i class=\"fas fa-arrow-circle-right\" aria-hidden=\"true\" ><\/i> Ir Postagem<\/a>\n\t\t<\/li>\n\t\t\t<li role=\"presentation\"><a class=\"sharing-button\" role=\"menuitem\" tabindex=\"-1\" href=\"#\" data-toggle=\"mdocs-modal\" data-doc-id=\"457\" data-target=\"#mdocs-share\" data-permalink=\"https:\/\/conceste.ce.gov.br\/site\/?mdocs-posts=potengi-4&mdocs-cat=\" data-download=\"https:\/\/conceste.ce.gov.br\/site\/?mdocs-file=457\" ><i class=\"fa fa-share\" aria-hidden=\"true\"><\/i> Compartilhar<\/a><\/li>\n\t\t\t\t\t\t\t\t\t\t  <\/ul>\n\t\t\t\t\t\t\t\t<\/div>\n\t\t\t\t\t\t<\/td>\n\t\t\t\t\t\t\t\t\t\t\t\t<td class=\"mdocs-downloads\">\n\t\t\t\t\t\t\t<i class=\"fas fa-cloud-download-alt\" aria-hidden=\"true\" title=\"Downloads\"><\/i>\n\t\t\t\t\t\t\t<em style=\"color: #FF9140;\" >79 <small>downloads<\/small><\/em>\n\t\t\t\t\t\t<\/td>\t\t\t\t\t\t<td class=\"mdocs-modified\">\n\t\t\t\t\t\t\t<i class=\"fa fa-calendar\" aria-hidden=\"true\" title=\"\u00daltima Modifica\u00e7\u00e3o\"><\/i>\n\t\t\t\t\t\t\t<em style=\"color: #990000;\" >29-09-2020 21:30<\/em>\n\t\t\t\t\t\t<\/td>\t\t\t\t\t\t<td class=\"mdocs-download\">\n\t\t\t\t\t\t\t<i class=\"fa fa-download\" aria-hidden=\"true\" title=\"Download\"><\/i>\n\t\t\t\t\t\t\t<em style=\"color: ;\" ><a href=\"https:\/\/conceste.ce.gov.br\/site\/?mdocs-file=457\">Download<\/a><\/em>\n\t\t\t\t\t\t<\/td>\t\t<\/tr>\n\t\t<tr class=\"mdocs-normal\">\n\t\t\t\t\t\t\t\t\t<td id=\"\" class=\"mdocs-name\" colspan=\"0\">\n\t\t\t\t\t\t\t\t<div class=\"mdocs-btn-group btn-group\">\n\t\t\t\t\t\t\t\t\t\t\t\t\t\t\t\t\t\t<a class=\"mdocs-title-href\" data-mdocs-id=\"48\" data-toggle=\"\" href=\"#\" data-folder=\"mdocs-cat-9\" data-sort=\"modified\" data-sort-type=\"asc\" data-current-sort=\"modified\" data-current-sort-type=\"asc\" data-is-dashboard=\"\" data-hide-folder=\"1\" data-hide-main-folder=\"1\"><img src=\"https:\/\/conceste.ce.gov.br\/site\/wp-content\/plugins\/memphis-documents-library\/assets\/imgs\/filetype-icons\/jpg.png\" class=\"mdoc-file-type-icon\"  \/> Salitre<\/a>\n\t\t\t\t\t\t\t\t\t\n\t\t\t\t\t\t\t\t\t<ul class=\"mdocs-dropdown-menu\" role=\"menu\" aria-labelledby=\"dropdownMenu1\">\n\t\t\t\t\t\t\t\t\t\t<li role=\"presentation\" class=\"dropdown-header\"><i class=\"fa fa-medium\" aria-hidden=\"true\"><\/i> &#187; Salitre.jpg<\/li>\n\t\t\t\t\t\t\t\t\t\t<li role=\"presentation\" class=\"divider\"><\/li>\n\t\t\t\t\t\t\t\t\t\t<li role=\"presentation\" class=\"dropdown-header\">Op\u00e7\u00f5es Arquivo<\/li>\n\t\t\t\t\t\t\t\t\t\t\t\t<li role=\"presentation\">\n\t\t\t<a role=\"menuitem\" tabindex=\"-1\" href=\"https:\/\/conceste.ce.gov.br\/site\/?mdocs-file=459\"><i class=\"fas fa-cloud-download-alt\" aria-hidden=\"true\"><\/i> Download<\/a>\n\t\t<\/li>\n\t\t\t<li role=\"presentation\"><a class=\"description-preview\" role=\"menuitem\" tabindex=\"-1\" href=\"#\" data-toggle=\"mdocs-modal\" data-target=\"#mdocs-description-preview\" data-mdocs-id=\"459\" data-is-admin=\"\" ><i class=\"fa fa-leaf\" aria-hidden=\"true\"><\/i> Descri\u00e7\u00e3o<\/a><\/li>\n\t\t\t<li role=\"presentation\">\n\t\t\t<a role=\"menuitem\" tabindex=\"-1\" href=\"https:\/\/conceste.ce.gov.br\/site\/?mdocs-posts=salitre-4&mdocs-cat=\" target=\"_blank\">\n\t\t\t<i class=\"fas fa-arrow-circle-right\" aria-hidden=\"true\" ><\/i> Ir Postagem<\/a>\n\t\t<\/li>\n\t\t\t<li role=\"presentation\"><a class=\"sharing-button\" role=\"menuitem\" tabindex=\"-1\" href=\"#\" data-toggle=\"mdocs-modal\" data-doc-id=\"459\" data-target=\"#mdocs-share\" data-permalink=\"https:\/\/conceste.ce.gov.br\/site\/?mdocs-posts=salitre-4&mdocs-cat=\" data-download=\"https:\/\/conceste.ce.gov.br\/site\/?mdocs-file=459\" ><i class=\"fa fa-share\" aria-hidden=\"true\"><\/i> Compartilhar<\/a><\/li>\n\t\t\t\t\t\t\t\t\t\t  <\/ul>\n\t\t\t\t\t\t\t\t<\/div>\n\t\t\t\t\t\t<\/td>\n\t\t\t\t\t\t\t\t\t\t\t\t<td class=\"mdocs-downloads\">\n\t\t\t\t\t\t\t<i class=\"fas fa-cloud-download-alt\" aria-hidden=\"true\" title=\"Downloads\"><\/i>\n\t\t\t\t\t\t\t<em style=\"color: #FF9140;\" >44 <small>downloads<\/small><\/em>\n\t\t\t\t\t\t<\/td>\t\t\t\t\t\t<td class=\"mdocs-modified\">\n\t\t\t\t\t\t\t<i class=\"fa fa-calendar\" aria-hidden=\"true\" title=\"\u00daltima Modifica\u00e7\u00e3o\"><\/i>\n\t\t\t\t\t\t\t<em style=\"color: #990000;\" >29-09-2020 21:30<\/em>\n\t\t\t\t\t\t<\/td>\t\t\t\t\t\t<td class=\"mdocs-download\">\n\t\t\t\t\t\t\t<i class=\"fa fa-download\" aria-hidden=\"true\" title=\"Download\"><\/i>\n\t\t\t\t\t\t\t<em style=\"color: ;\" ><a href=\"https:\/\/conceste.ce.gov.br\/site\/?mdocs-file=459\">Download<\/a><\/em>\n\t\t\t\t\t\t<\/td>\t\t<\/tr>\n\t\t<tr class=\"mdocs-normal\">\n\t\t\t\t\t\t\t\t\t<td id=\"\" class=\"mdocs-name\" colspan=\"0\">\n\t\t\t\t\t\t\t\t<div class=\"mdocs-btn-group btn-group\">\n\t\t\t\t\t\t\t\t\t\t\t\t\t\t\t\t\t\t<a class=\"mdocs-title-href\" data-mdocs-id=\"51\" data-toggle=\"\" href=\"#\" data-folder=\"mdocs-cat-9\" data-sort=\"modified\" data-sort-type=\"asc\" data-current-sort=\"modified\" data-current-sort-type=\"asc\" data-is-dashboard=\"\" data-hide-folder=\"1\" data-hide-main-folder=\"1\"><img src=\"https:\/\/conceste.ce.gov.br\/site\/wp-content\/plugins\/memphis-documents-library\/assets\/imgs\/filetype-icons\/jpg.png\" class=\"mdoc-file-type-icon\"  \/> Araripe<\/a>\n\t\t\t\t\t\t\t\t\t\n\t\t\t\t\t\t\t\t\t<ul class=\"mdocs-dropdown-menu\" role=\"menu\" aria-labelledby=\"dropdownMenu1\">\n\t\t\t\t\t\t\t\t\t\t<li role=\"presentation\" class=\"dropdown-header\"><i class=\"fa fa-medium\" aria-hidden=\"true\"><\/i> &#187; Araripe - Endemias.jpg<\/li>\n\t\t\t\t\t\t\t\t\t\t<li role=\"presentation\" class=\"divider\"><\/li>\n\t\t\t\t\t\t\t\t\t\t<li role=\"presentation\" class=\"dropdown-header\">Op\u00e7\u00f5es Arquivo<\/li>\n\t\t\t\t\t\t\t\t\t\t\t\t<li role=\"presentation\">\n\t\t\t<a role=\"menuitem\" tabindex=\"-1\" href=\"https:\/\/conceste.ce.gov.br\/site\/?mdocs-file=481\"><i class=\"fas fa-cloud-download-alt\" aria-hidden=\"true\"><\/i> Download<\/a>\n\t\t<\/li>\n\t\t\t<li role=\"presentation\"><a class=\"description-preview\" role=\"menuitem\" tabindex=\"-1\" href=\"#\" data-toggle=\"mdocs-modal\" data-target=\"#mdocs-description-preview\" data-mdocs-id=\"481\" data-is-admin=\"\" ><i class=\"fa fa-leaf\" aria-hidden=\"true\"><\/i> Descri\u00e7\u00e3o<\/a><\/li>\n\t\t\t<li role=\"presentation\">\n\t\t\t<a role=\"menuitem\" tabindex=\"-1\" href=\"https:\/\/conceste.ce.gov.br\/site\/?mdocs-posts=araripe-4&mdocs-cat=\" target=\"_blank\">\n\t\t\t<i class=\"fas fa-arrow-circle-right\" aria-hidden=\"true\" ><\/i> Ir Postagem<\/a>\n\t\t<\/li>\n\t\t\t<li role=\"presentation\"><a class=\"sharing-button\" role=\"menuitem\" tabindex=\"-1\" href=\"#\" data-toggle=\"mdocs-modal\" data-doc-id=\"481\" data-target=\"#mdocs-share\" data-permalink=\"https:\/\/conceste.ce.gov.br\/site\/?mdocs-posts=araripe-4&mdocs-cat=\" data-download=\"https:\/\/conceste.ce.gov.br\/site\/?mdocs-file=481\" ><i class=\"fa fa-share\" aria-hidden=\"true\"><\/i> Compartilhar<\/a><\/li>\n\t\t\t\t\t\t\t\t\t\t  <\/ul>\n\t\t\t\t\t\t\t\t<\/div>\n\t\t\t\t\t\t<\/td>\n\t\t\t\t\t\t\t\t\t\t\t\t<td class=\"mdocs-downloads\">\n\t\t\t\t\t\t\t<i class=\"fas fa-cloud-download-alt\" aria-hidden=\"true\" title=\"Downloads\"><\/i>\n\t\t\t\t\t\t\t<em style=\"color: #FF9140;\" >48 <small>downloads<\/small><\/em>\n\t\t\t\t\t\t<\/td>\t\t\t\t\t\t<td class=\"mdocs-modified\">\n\t\t\t\t\t\t\t<i class=\"fa fa-calendar\" aria-hidden=\"true\" title=\"\u00daltima Modifica\u00e7\u00e3o\"><\/i>\n\t\t\t\t\t\t\t<em style=\"color: #990000;\" >14-10-2020 17:12<\/em>\n\t\t\t\t\t\t<\/td>\t\t\t\t\t\t<td class=\"mdocs-download\">\n\t\t\t\t\t\t\t<i class=\"fa fa-download\" aria-hidden=\"true\" title=\"Download\"><\/i>\n\t\t\t\t\t\t\t<em style=\"color: ;\" ><a href=\"https:\/\/conceste.ce.gov.br\/site\/?mdocs-file=481\">Download<\/a><\/em>\n\t\t\t\t\t\t<\/td>\t\t<\/tr>\n\t\t<tr class=\"mdocs-normal\">\n\t\t\t\t\t\t\t\t\t<td id=\"\" class=\"mdocs-name\" colspan=\"0\">\n\t\t\t\t\t\t\t\t<div class=\"mdocs-btn-group btn-group\">\n\t\t\t\t\t\t\t\t\t\t\t\t\t\t\t\t\t\t<a class=\"mdocs-title-href\" data-mdocs-id=\"335\" data-toggle=\"\" href=\"#\" data-folder=\"mdocs-cat-9\" data-sort=\"modified\" data-sort-type=\"asc\" data-current-sort=\"modified\" data-current-sort-type=\"asc\" data-is-dashboard=\"\" data-hide-folder=\"1\" data-hide-main-folder=\"1\"><img src=\"https:\/\/conceste.ce.gov.br\/site\/wp-content\/plugins\/memphis-documents-library\/assets\/imgs\/filetype-icons\/pdf.png\" class=\"mdoc-file-type-icon\"  \/> PLANO DE EDUCA\u00c7\u00c3O AMBIENTAL<\/a>\n\t\t\t\t\t\t\t\t\t\n\t\t\t\t\t\t\t\t\t<ul class=\"mdocs-dropdown-menu\" role=\"menu\" aria-labelledby=\"dropdownMenu1\">\n\t\t\t\t\t\t\t\t\t\t<li role=\"presentation\" class=\"dropdown-header\"><i class=\"fa fa-medium\" aria-hidden=\"true\"><\/i> &#187; Plano Atualizado_merged.pdf<\/li>\n\t\t\t\t\t\t\t\t\t\t<li role=\"presentation\" class=\"divider\"><\/li>\n\t\t\t\t\t\t\t\t\t\t<li role=\"presentation\" class=\"dropdown-header\">Op\u00e7\u00f5es Arquivo<\/li>\n\t\t\t\t\t\t\t\t\t\t\t\t<li role=\"presentation\">\n\t\t\t<a role=\"menuitem\" tabindex=\"-1\" href=\"https:\/\/conceste.ce.gov.br\/site\/?mdocs-file=1709\"><i class=\"fas fa-cloud-download-alt\" aria-hidden=\"true\"><\/i> Download<\/a>\n\t\t<\/li>\n\t\t\t<li role=\"presentation\"><a class=\"description-preview\" role=\"menuitem\" tabindex=\"-1\" href=\"#\" data-toggle=\"mdocs-modal\" data-target=\"#mdocs-description-preview\" data-mdocs-id=\"1709\" data-is-admin=\"\" ><i class=\"fa fa-leaf\" aria-hidden=\"true\"><\/i> Descri\u00e7\u00e3o<\/a><\/li>\n\t\t\t<li role=\"presentation\">\n\t\t\t<a role=\"menuitem\" tabindex=\"-1\" href=\"https:\/\/conceste.ce.gov.br\/site\/?mdocs-posts=plano-de-educacao-ambiental&mdocs-cat=\" target=\"_blank\">\n\t\t\t<i class=\"fas fa-arrow-circle-right\" aria-hidden=\"true\" ><\/i> Ir Postagem<\/a>\n\t\t<\/li>\n\t\t\t<li role=\"presentation\"><a class=\"sharing-button\" role=\"menuitem\" tabindex=\"-1\" href=\"#\" data-toggle=\"mdocs-modal\" data-doc-id=\"1709\" data-target=\"#mdocs-share\" data-permalink=\"https:\/\/conceste.ce.gov.br\/site\/?mdocs-posts=plano-de-educacao-ambiental&mdocs-cat=\" data-download=\"https:\/\/conceste.ce.gov.br\/site\/?mdocs-file=1709\" ><i class=\"fa fa-share\" aria-hidden=\"true\"><\/i> Compartilhar<\/a><\/li>\n\t\t\t\t\t\t\t\t\t\t  <\/ul>\n\t\t\t\t\t\t\t\t<\/div>\n\t\t\t\t\t\t<\/td>\n\t\t\t\t\t\t\t\t\t\t\t\t<td class=\"mdocs-downloads\">\n\t\t\t\t\t\t\t<i class=\"fas fa-cloud-download-alt\" aria-hidden=\"true\" title=\"Downloads\"><\/i>\n\t\t\t\t\t\t\t<em style=\"color: #FF9140;\" >37 <small>downloads<\/small><\/em>\n\t\t\t\t\t\t<\/td>\t\t\t\t\t\t<td class=\"mdocs-modified\">\n\t\t\t\t\t\t\t<i class=\"fa fa-calendar\" aria-hidden=\"true\" title=\"\u00daltima Modifica\u00e7\u00e3o\"><\/i>\n\t\t\t\t\t\t\t<em style=\"color: #990000;\" >13-01-2025 12:30<\/em>\n\t\t\t\t\t\t<\/td>\t\t\t\t\t\t<td class=\"mdocs-download\">\n\t\t\t\t\t\t\t<i class=\"fa fa-download\" aria-hidden=\"true\" title=\"Download\"><\/i>\n\t\t\t\t\t\t\t<em style=\"color: ;\" ><a href=\"https:\/\/conceste.ce.gov.br\/site\/?mdocs-file=1709\">Download<\/a><\/em>\n\t\t\t\t\t\t<\/td>\t\t<\/tr>\n<\/table><\/div><\/div>\n","protected":false},"excerpt":{"rendered":"<p>O Programa de Educa\u00e7\u00e3o Ambiental do Cons\u00f3rcio P\u00fablico de Manejo de Res\u00edduos S\u00f3lidos da Regi\u00e3o Cariri Oeste visa construir com a popula\u00e7\u00e3o dos munic\u00edpios consorciados uma consci\u00eancia ecol\u00f3gica voltada para a participa\u00e7\u00e3o social dos mun\u00edcipes na implanta\u00e7\u00e3o do sistema de coletas m\u00faltiplas. O programa capacita inicialmente agentes multiplicadores tais como: gestores municipais e equipe t\u00e9cnica [&hellip;]<\/p>\n","protected":false},"author":2,"featured_media":0,"parent":0,"menu_order":0,"comment_status":"closed","ping_status":"closed","template":"","meta":{"_uag_custom_page_level_css":"","footnotes":""},"uagb_featured_image_src":{"full":false,"thumbnail":false,"medium":false,"medium_large":false,"large":false,"1536x1536":false,"2048x2048":false},"uagb_author_info":{"display_name":"Eduardo","author_link":"https:\/\/conceste.ce.gov.br\/site\/?author=2"},"uagb_comment_info":0,"uagb_excerpt":"O Programa de Educa\u00e7\u00e3o Ambiental do Cons\u00f3rcio P\u00fablico de Manejo de Res\u00edduos S\u00f3lidos da Regi\u00e3o Cariri Oeste visa construir com a popula\u00e7\u00e3o dos munic\u00edpios consorciados uma consci\u00eancia ecol\u00f3gica voltada para a participa\u00e7\u00e3o social dos mun\u00edcipes na implanta\u00e7\u00e3o do sistema de coletas m\u00faltiplas. O programa capacita inicialmente agentes multiplicadores tais como: gestores municipais e equipe t\u00e9cnica&hellip;","_links":{"self":[{"href":"https:\/\/conceste.ce.gov.br\/site\/index.php?rest_route=\/wp\/v2\/pages\/397"}],"collection":[{"href":"https:\/\/conceste.ce.gov.br\/site\/index.php?rest_route=\/wp\/v2\/pages"}],"about":[{"href":"https:\/\/conceste.ce.gov.br\/site\/index.php?rest_route=\/wp\/v2\/types\/page"}],"author":[{"embeddable":true,"href":"https:\/\/conceste.ce.gov.br\/site\/index.php?rest_route=\/wp\/v2\/users\/2"}],"replies":[{"embeddable":true,"href":"https:\/\/conceste.ce.gov.br\/site\/index.php?rest_route=%2Fwp%2Fv2%2Fcomments&post=397"}],"version-history":[{"count":22,"href":"https:\/\/conceste.ce.gov.br\/site\/index.php?rest_route=\/wp\/v2\/pages\/397\/revisions"}],"predecessor-version":[{"id":1722,"href":"https:\/\/conceste.ce.gov.br\/site\/index.php?rest_route=\/wp\/v2\/pages\/397\/revisions\/1722"}],"wp:attachment":[{"href":"https:\/\/conceste.ce.gov.br\/site\/index.php?rest_route=%2Fwp%2Fv2%2Fmedia&parent=397"}],"curies":[{"name":"wp","href":"https:\/\/api.w.org\/{rel}","templated":true}]}}