{"id":281,"date":"2020-07-21T21:23:40","date_gmt":"2020-07-22T00:23:40","guid":{"rendered":"http:\/\/conceste.ce.gov.br\/?page_id=281"},"modified":"2020-07-21T21:37:13","modified_gmt":"2020-07-22T00:37:13","slug":"documentos-constitutivos","status":"publish","type":"page","link":"https:\/\/conceste.ce.gov.br\/site\/?page_id=281","title":{"rendered":"Documentos Constitutivos"},"content":{"rendered":"\n<div class=\"mdocs\"><div class=\"mdocs-wrap\"><\/div><div class=\"mdocs-container\"><table class=\"table table-hover table-condensed\" id=\"mdocs-list-table\">\t\t<tr class=\"mdocs-normal\">\n\t\t\t\t\t\t\t\t\t<td id=\"\" class=\"mdocs-name\" colspan=\"0\">\n\t\t\t\t\t\t\t\t<div class=\"mdocs-btn-group btn-group\">\n\t\t\t\t\t\t\t\t\t\t\t\t\t\t\t\t\t\t<a class=\"mdocs-title-href\" data-mdocs-id=\"0\" data-toggle=\"dropdown\" href=\"#\" data-folder=\"\" data-sort=\"\" data-sort-type=\"\" data-current-sort=\"\" data-current-sort-type=\"\" data-is-dashboard=\"\" data-hide-folder=\"\" data-hide-main-folder=\"\"><img src=\"https:\/\/conceste.ce.gov.br\/site\/wp-content\/plugins\/memphis-documents-library\/assets\/imgs\/filetype-icons\/pdf.png\" class=\"mdoc-file-type-icon\"  \/> Estatuto Cons\u00f3rcio iqm-1<\/a>\n\t\t\t\t\t\t\t\t\t\n\t\t\t\t\t\t\t\t\t<ul class=\"mdocs-dropdown-menu\" role=\"menu\" aria-labelledby=\"dropdownMenu1\">\n\t\t\t\t\t\t\t\t\t\t<li role=\"presentation\" class=\"dropdown-header\"><i class=\"fa fa-medium\" aria-hidden=\"true\"><\/i> &#187; ESTATUTO CONS\u00d3RCIO iqm-1 (1).pdf<\/li>\n\t\t\t\t\t\t\t\t\t\t<li role=\"presentation\" class=\"divider\"><\/li>\n\t\t\t\t\t\t\t\t\t\t<li role=\"presentation\" class=\"dropdown-header\">Op\u00e7\u00f5es Arquivo<\/li>\n\t\t\t\t\t\t\t\t\t\t\t\t<li role=\"presentation\">\n\t\t\t<a role=\"menuitem\" tabindex=\"-1\" href=\"https:\/\/conceste.ce.gov.br\/site\/?mdocs-file=280\"><i class=\"fas fa-cloud-download-alt\" aria-hidden=\"true\"><\/i> Download<\/a>\n\t\t<\/li>\n\t\t\t<li role=\"presentation\"><a class=\"description-preview\" role=\"menuitem\" tabindex=\"-1\" href=\"#\" data-toggle=\"mdocs-modal\" data-target=\"#mdocs-description-preview\" data-mdocs-id=\"280\" data-is-admin=\"\" ><i class=\"fa fa-leaf\" aria-hidden=\"true\"><\/i> Descri\u00e7\u00e3o<\/a><\/li>\n\t\t\t<li role=\"presentation\">\n\t\t\t<a role=\"menuitem\" tabindex=\"-1\" href=\"https:\/\/conceste.ce.gov.br\/site\/?mdocs-posts=estatuto-consorcio-iqm-1&mdocs-cat=\" target=\"_blank\">\n\t\t\t<i class=\"fas fa-arrow-circle-right\" aria-hidden=\"true\" ><\/i> Ir Postagem<\/a>\n\t\t<\/li>\n\t\t\t<li role=\"presentation\"><a class=\"sharing-button\" role=\"menuitem\" tabindex=\"-1\" href=\"#\" data-toggle=\"mdocs-modal\" data-doc-id=\"280\" data-target=\"#mdocs-share\" data-permalink=\"https:\/\/conceste.ce.gov.br\/site\/?mdocs-posts=estatuto-consorcio-iqm-1&mdocs-cat=\" data-download=\"https:\/\/conceste.ce.gov.br\/site\/?mdocs-file=280\" ><i class=\"fa fa-share\" aria-hidden=\"true\"><\/i> Compartilhar<\/a><\/li>\n\t\t\t\t\t\t\t\t\t\t  <\/ul>\n\t\t\t\t\t\t\t\t<\/div>\n\t\t\t\t\t\t<\/td>\n\t\t\t\t\t\t\t\t\t\t\t\t<td class=\"mdocs-downloads\">\n\t\t\t\t\t\t\t<i class=\"fas fa-cloud-download-alt\" aria-hidden=\"true\" title=\"Downloads\"><\/i>\n\t\t\t\t\t\t\t<em style=\"color: #FF9140;\" >217 <small>downloads<\/small><\/em>\n\t\t\t\t\t\t<\/td>\t\t\t\t\t\t<td class=\"mdocs-modified\">\n\t\t\t\t\t\t\t<i class=\"fa fa-calendar\" aria-hidden=\"true\" title=\"\u00daltima Modifica\u00e7\u00e3o\"><\/i>\n\t\t\t\t\t\t\t<em style=\"color: #990000;\" >21-07-2020 21:16<\/em>\n\t\t\t\t\t\t<\/td>\t\t\t\t\t\t<td class=\"mdocs-download\">\n\t\t\t\t\t\t\t<i class=\"fa fa-download\" aria-hidden=\"true\" title=\"Download\"><\/i>\n\t\t\t\t\t\t\t<em style=\"color: ;\" ><a href=\"https:\/\/conceste.ce.gov.br\/site\/?mdocs-file=280\">Download<\/a><\/em>\n\t\t\t\t\t\t<\/td>\t\t<\/tr>\n<\/table><\/div><\/div>\n","protected":false},"excerpt":{"rendered":"","protected":false},"author":2,"featured_media":0,"parent":0,"menu_order":0,"comment_status":"closed","ping_status":"closed","template":"","meta":{"_uag_custom_page_level_css":"","footnotes":""},"uagb_featured_image_src":{"full":false,"thumbnail":false,"medium":false,"medium_large":false,"large":false,"1536x1536":false,"2048x2048":false},"uagb_author_info":{"display_name":"Eduardo","author_link":"https:\/\/conceste.ce.gov.br\/site\/?author=2"},"uagb_comment_info":0,"uagb_excerpt":null,"_links":{"self":[{"href":"https:\/\/conceste.ce.gov.br\/site\/index.php?rest_route=\/wp\/v2\/pages\/281"}],"collection":[{"href":"https:\/\/conceste.ce.gov.br\/site\/index.php?rest_route=\/wp\/v2\/pages"}],"about":[{"href":"https:\/\/conceste.ce.gov.br\/site\/index.php?rest_route=\/wp\/v2\/types\/page"}],"author":[{"embeddable":true,"href":"https:\/\/conceste.ce.gov.br\/site\/index.php?rest_route=\/wp\/v2\/users\/2"}],"replies":[{"embeddable":true,"href":"https:\/\/conceste.ce.gov.br\/site\/index.php?rest_route=%2Fwp%2Fv2%2Fcomments&post=281"}],"version-history":[{"count":3,"href":"https:\/\/conceste.ce.gov.br\/site\/index.php?rest_route=\/wp\/v2\/pages\/281\/revisions"}],"predecessor-version":[{"id":287,"href":"https:\/\/conceste.ce.gov.br\/site\/index.php?rest_route=\/wp\/v2\/pages\/281\/revisions\/287"}],"wp:attachment":[{"href":"https:\/\/conceste.ce.gov.br\/site\/index.php?rest_route=%2Fwp%2Fv2%2Fmedia&parent=281"}],"curies":[{"name":"wp","href":"https:\/\/api.w.org\/{rel}","templated":true}]}}