{"id":183,"date":"2020-06-01T15:33:19","date_gmt":"2020-06-01T18:33:19","guid":{"rendered":"http:\/\/conceste.ce.gov.br\/?page_id=183"},"modified":"2020-10-05T17:34:52","modified_gmt":"2020-10-05T20:34:52","slug":"transparencia-2","status":"publish","type":"page","link":"https:\/\/conceste.ce.gov.br\/site\/?page_id=183","title":{"rendered":"Transpar\u00eancia"},"content":{"rendered":"<div class=\"mdocs\"><div class=\"mdocs-wrap\"><\/div><div class=\"mdocs-container\"><table class=\"table table-hover table-condensed\" id=\"mdocs-list-table\">\t<thead>\n\t\t<tr>\n\t\t\t\t\t\t\t<th class=\"mdocs-name mdocs-sort-option\" data-folder=\"mdocs-cat-7\" data-sort=\"name\" data-sort-type=\"desc\" data-current-sort=\"modified\" data-current-sort-type=\"desc\" data-is-dashboard=\"\" data-hide-folder=\"\" data-hide-main-folder=\"1\" >Nome<\/th>\n\t\t\t\t\t\t\t\t\t<th class=\"mdocs-downloads mdocs-sort-option\" data-folder=\"mdocs-cat-7\" data-sort=\"downloads\" data-sort-type=\"desc\" data-current-sort=\"modified\" data-current-sort-type=\"desc\" data-is-dashboard=\"\" data-hide-folder=\"\" data-hide-main-folder=\"1\" >Downloads<\/th>\n\t\t\t\t\t\t\t\t\t<th class=\"mdocs-modified mdocs-sort-option\" data-folder=\"mdocs-cat-7\" data-sort=\"modified\" data-sort-type=\"desc\" data-current-sort=\"modified\" data-current-sort-type=\"desc\" data-is-dashboard=\"\" data-hide-folder=\"\" data-hide-main-folder=\"1\" >\u00daltima Modifica\u00e7\u00e3o <i class=\"fa fa-chevron-down\" aria-hidden=\"true\"><\/i><\/th>\n\t\t\t\t\t\t\t\t\t<th class=\"mdocs-download mdocs-sort-option\" data-folder=\"mdocs-cat-7\" data-sort=\"download\" data-sort-type=\"desc\" data-current-sort=\"modified\" data-current-sort-type=\"desc\" data-is-dashboard=\"\" data-hide-folder=\"\" data-hide-main-folder=\"1\" >Download<\/th>\n\t\t\t\t\t<\/tr>\n\t\t<\/thead>\n\t\n\t\t<tr class=\"mdocs-current-cat\" >\n\t\t\t<td colspan=\"5\" id=\"title\" class=\"mdocs-tooltip\">\n\t\t\t\t<b class=\"text-muted\"><i class=\"fas fa-folder-open\" aria-hidden=\"true\"><\/i> Gest\u00e3o Fiscal<\/b>\n\t\t\t<\/td>\n\t\t<\/tr>\n\t\t\t<tr class=\"mdocs-sub-cats\" >\n\t\t\t\t<td colspan=\"5\" id=\"title\" class=\"mdocs-tooltip\">\n\t\t\t\t\t&emsp;&emsp;<a class=\"mdocs-folders\" data-folder=\"mdocs-cat-16\" data-sort=\"modified\" data-sort-type=\"desc\" data-current-sort=\"modified\" data-current-sort-type=\"desc\" data-is-dashboard=\"\" data-is-folder=\"true\" data-hide-folder=\"\" data-hide-main-folder=\"1\" ><i class=\"fas fa-folder\" aria-hidden=\"true\"><\/i> RGF<\/a>\n\t\t\t\t<\/td>\n\t\t\t<\/tr>\n\t\t\t<tr class=\"mdocs-sub-cats\" >\n\t\t\t\t<td colspan=\"5\" id=\"title\" class=\"mdocs-tooltip\">\n\t\t\t\t\t&emsp;&emsp;<a class=\"mdocs-folders\" data-folder=\"mdocs-cat-17\" data-sort=\"modified\" data-sort-type=\"desc\" data-current-sort=\"modified\" data-current-sort-type=\"desc\" data-is-dashboard=\"\" data-is-folder=\"true\" data-hide-folder=\"\" data-hide-main-folder=\"1\" ><i class=\"fas fa-folder\" aria-hidden=\"true\"><\/i> RREO<\/a>\n\t\t\t\t<\/td>\n\t\t\t<\/tr><tr><td colspan=\"5\"><p class=\"mdocs-nofiles\" >Nenhum arquivo encontrado no diret\u00f3rio.<\/p><\/td><\/tr><\/table><\/div><\/div>\n\n\n<p><\/p>\n","protected":false},"excerpt":{"rendered":"","protected":false},"author":2,"featured_media":0,"parent":0,"menu_order":0,"comment_status":"closed","ping_status":"closed","template":"","meta":{"_uag_custom_page_level_css":"","footnotes":""},"uagb_featured_image_src":{"full":false,"thumbnail":false,"medium":false,"medium_large":false,"large":false,"1536x1536":false,"2048x2048":false},"uagb_author_info":{"display_name":"Eduardo","author_link":"https:\/\/conceste.ce.gov.br\/site\/?author=2"},"uagb_comment_info":0,"uagb_excerpt":null,"_links":{"self":[{"href":"https:\/\/conceste.ce.gov.br\/site\/index.php?rest_route=\/wp\/v2\/pages\/183"}],"collection":[{"href":"https:\/\/conceste.ce.gov.br\/site\/index.php?rest_route=\/wp\/v2\/pages"}],"about":[{"href":"https:\/\/conceste.ce.gov.br\/site\/index.php?rest_route=\/wp\/v2\/types\/page"}],"author":[{"embeddable":true,"href":"https:\/\/conceste.ce.gov.br\/site\/index.php?rest_route=\/wp\/v2\/users\/2"}],"replies":[{"embeddable":true,"href":"https:\/\/conceste.ce.gov.br\/site\/index.php?rest_route=%2Fwp%2Fv2%2Fcomments&post=183"}],"version-history":[{"count":5,"href":"https:\/\/conceste.ce.gov.br\/site\/index.php?rest_route=\/wp\/v2\/pages\/183\/revisions"}],"predecessor-version":[{"id":466,"href":"https:\/\/conceste.ce.gov.br\/site\/index.php?rest_route=\/wp\/v2\/pages\/183\/revisions\/466"}],"wp:attachment":[{"href":"https:\/\/conceste.ce.gov.br\/site\/index.php?rest_route=%2Fwp%2Fv2%2Fmedia&parent=183"}],"curies":[{"name":"wp","href":"https:\/\/api.w.org\/{rel}","templated":true}]}}