{"id":1097,"date":"2023-10-27T07:38:45","date_gmt":"2023-10-27T10:38:45","guid":{"rendered":"https:\/\/conceste.ce.gov.br\/site\/?page_id=1097"},"modified":"2025-01-16T12:56:25","modified_gmt":"2025-01-16T15:56:25","slug":"ouvidoria-consorcio-de-residuos-solidos-do-cariri-oeste","status":"publish","type":"page","link":"https:\/\/conceste.ce.gov.br\/site\/?page_id=1097","title":{"rendered":"OUVIDORIA &#8211; CONS\u00d3RCIO DE RES\u00cdDUOS S\u00d3LIDOS DO CARIRI-OESTE."},"content":{"rendered":"\n<p class=\"has-text-align-left\"><strong>Ouvidor: Maria La\u00eds de Alencar Santos<br>Endere\u00e7o da Ouvidoria: Rua Sebasti\u00e3o de Sousa Cabral, n.\u00ba 54, Centro, Araripe-CE.<br>e-mail: ouvidoria@conceste.ce.gov.br.<\/strong><br><\/p>\n\n\n\n<p class=\"has-text-align-left\">Para manifesta\u00e7\u00f5es, reclama\u00e7\u00f5es, sugest\u00f5es ou elogios <\/p>\n\n\n\n<p class=\"has-text-align-left\">preencher formul\u00e1rio abaixo ou enviar e-mail para: ouvidoria@conceste.ce.gov.br.<\/p>\n\n\n\n<div class=\"wp-block-group is-layout-constrained wp-block-group-is-layout-constrained\"><div class=\"wp-block-group__inner-container\">\n<div class=\"wpcf7 no-js\" id=\"wpcf7-f1099-o1\" lang=\"pt-BR\" dir=\"ltr\">\n<div class=\"screen-reader-response\"><p role=\"status\" aria-live=\"polite\" aria-atomic=\"true\"><\/p> <ul><\/ul><\/div>\n<form action=\"\/site\/index.php?rest_route=%2Fwp%2Fv2%2Fpages%2F1097#wpcf7-f1099-o1\" method=\"post\" class=\"wpcf7-form init\" aria-label=\"Formul\u00e1rios de contato\" novalidate=\"novalidate\" data-status=\"init\">\n<div style=\"display: none;\">\n<input type=\"hidden\" name=\"_wpcf7\" value=\"1099\" \/>\n<input type=\"hidden\" name=\"_wpcf7_version\" value=\"5.8.6\" \/>\n<input type=\"hidden\" name=\"_wpcf7_locale\" value=\"pt_BR\" \/>\n<input type=\"hidden\" name=\"_wpcf7_unit_tag\" value=\"wpcf7-f1099-o1\" \/>\n<input type=\"hidden\" name=\"_wpcf7_container_post\" value=\"0\" \/>\n<input type=\"hidden\" name=\"_wpcf7_posted_data_hash\" value=\"\" \/>\n<\/div>\n<p><label> Seu nome<br \/>\n<span class=\"wpcf7-form-control-wrap\" data-name=\"your-name\"><input size=\"40\" class=\"wpcf7-form-control wpcf7-text wpcf7-validates-as-required\" autocomplete=\"name\" aria-required=\"true\" aria-invalid=\"false\" value=\"\" type=\"text\" name=\"your-name\" \/><\/span> <\/label>\n<\/p>\n<p><label> Seu e-mail<br \/>\n<span class=\"wpcf7-form-control-wrap\" data-name=\"your-email\"><input size=\"40\" class=\"wpcf7-form-control wpcf7-email wpcf7-validates-as-required wpcf7-text wpcf7-validates-as-email\" autocomplete=\"email\" aria-required=\"true\" aria-invalid=\"false\" value=\"\" type=\"email\" name=\"your-email\" \/><\/span> <\/label>\n<\/p>\n<p><span class=\"wpcf7-form-control-wrap\" data-name=\"assunto\"><select class=\"wpcf7-form-control wpcf7-select wpcf7-validates-as-required\" aria-required=\"true\" aria-invalid=\"false\" name=\"assunto\"><option value=\"Reclama\u00e7\u00e3o\">Reclama\u00e7\u00e3o<\/option><option value=\"Sugest\u00e3o\">Sugest\u00e3o<\/option><option value=\"Elogio\">Elogio<\/option><option value=\"Outro\">Outro<\/option><\/select><\/span>\n<\/p>\n<p><label> *Sua mensagem (Descreva)<br \/>\n<span class=\"wpcf7-form-control-wrap\" data-name=\"your-message\"><textarea cols=\"40\" rows=\"10\" class=\"wpcf7-form-control wpcf7-textarea\" aria-invalid=\"false\" name=\"your-message\"><\/textarea><\/span> <\/label>\n<\/p>\n<p><input class=\"wpcf7-form-control wpcf7-submit has-spinner\" type=\"submit\" value=\"Enviar\" \/>\n<\/p><div class=\"wpcf7-response-output\" aria-hidden=\"true\"><\/div>\n<\/form>\n<\/div>\n\n<\/div><\/div>\n","protected":false},"excerpt":{"rendered":"<p>Ouvidor: Maria La\u00eds de Alencar SantosEndere\u00e7o da Ouvidoria: Rua Sebasti\u00e3o de Sousa Cabral, n.\u00ba 54, Centro, Araripe-CE.e-mail: ouvidoria@conceste.ce.gov.br. Para manifesta\u00e7\u00f5es, reclama\u00e7\u00f5es, sugest\u00f5es ou elogios preencher formul\u00e1rio abaixo ou enviar e-mail para: ouvidoria@conceste.ce.gov.br.<\/p>\n","protected":false},"author":2,"featured_media":0,"parent":0,"menu_order":0,"comment_status":"closed","ping_status":"closed","template":"","meta":{"_uag_custom_page_level_css":"","footnotes":""},"uagb_featured_image_src":{"full":false,"thumbnail":false,"medium":false,"medium_large":false,"large":false,"1536x1536":false,"2048x2048":false},"uagb_author_info":{"display_name":"Eduardo","author_link":"https:\/\/conceste.ce.gov.br\/site\/?author=2"},"uagb_comment_info":0,"uagb_excerpt":"Ouvidor: Maria La\u00eds de Alencar SantosEndere\u00e7o da Ouvidoria: Rua Sebasti\u00e3o de Sousa Cabral, n.\u00ba 54, Centro, Araripe-CE.e-mail: ouvidoria@conceste.ce.gov.br. Para manifesta\u00e7\u00f5es, reclama\u00e7\u00f5es, sugest\u00f5es ou elogios preencher formul\u00e1rio abaixo ou enviar e-mail para: ouvidoria@conceste.ce.gov.br.","_links":{"self":[{"href":"https:\/\/conceste.ce.gov.br\/site\/index.php?rest_route=\/wp\/v2\/pages\/1097"}],"collection":[{"href":"https:\/\/conceste.ce.gov.br\/site\/index.php?rest_route=\/wp\/v2\/pages"}],"about":[{"href":"https:\/\/conceste.ce.gov.br\/site\/index.php?rest_route=\/wp\/v2\/types\/page"}],"author":[{"embeddable":true,"href":"https:\/\/conceste.ce.gov.br\/site\/index.php?rest_route=\/wp\/v2\/users\/2"}],"replies":[{"embeddable":true,"href":"https:\/\/conceste.ce.gov.br\/site\/index.php?rest_route=%2Fwp%2Fv2%2Fcomments&post=1097"}],"version-history":[{"count":12,"href":"https:\/\/conceste.ce.gov.br\/site\/index.php?rest_route=\/wp\/v2\/pages\/1097\/revisions"}],"predecessor-version":[{"id":1560,"href":"https:\/\/conceste.ce.gov.br\/site\/index.php?rest_route=\/wp\/v2\/pages\/1097\/revisions\/1560"}],"wp:attachment":[{"href":"https:\/\/conceste.ce.gov.br\/site\/index.php?rest_route=%2Fwp%2Fv2%2Fmedia&parent=1097"}],"curies":[{"name":"wp","href":"https:\/\/api.w.org\/{rel}","templated":true}]}}